{"id":2,"date":"2019-11-15T07:27:14","date_gmt":"2019-11-15T06:27:14","guid":{"rendered":"http:\/\/voyance13.fr\/?page_id=2"},"modified":"2019-11-17T11:33:56","modified_gmt":"2019-11-17T10:33:56","slug":"page-d-exemple","status":"publish","type":"page","link":"https:\/\/voyance13.fr\/","title":{"rendered":"Accueil"},"content":{"rendered":"\n<p> Comment Marguerite aurait-elle pu \u00e9chapper \u00e0 son destin ?<\/p>\n\n\n\n<p>Marguerite a un don, mais elle n\u2019en soup\u00e7onne pas encore toute l\u2019\u00e9tendue. Il ne deviendra manifeste qu\u2019\u00e0 l\u2019adolescence\u2026 <\/p>\n\n\n\n<blockquote class=\"wp-block-quote\"><p>A quatorze ans, la jeune fille est victime d\u2019un grave accident de voiture.<\/p><p> Apr\u00e8s cette incroyable exp\u00e9rience, son don de voyance se d\u00e9vellope. Et  quelques ann\u00e9es plus tard Marguerite pourra enfin exercer. <\/p><p>Depuis, des milliers de personnes l\u2019ont consult\u00e9e \u00e0 son cabinet.<\/p><p>Afin de privil\u00e8gier la qualit\u00e9 de mes r\u00e9ponses, et surtout en assurer la  rapidit\u00e9 en raison de mes nombreuses demandes en cours, <strong>il est important que dans chaque mail que je re\u00e7ois de mes demandeurs ou interlocuteurs ceux-ci notent leur num\u00e9ro.<\/strong><\/p><\/blockquote>\n\n\n\n<p>Les r\u00e9ponses seront ainsi trait\u00e9e en urgence et en totale discr\u00e9tion.<\/p>\n\n\n\n<blockquote class=\"wp-block-quote\"><p> A pr\u00e9ciser que le contact de la voix m\u2019est indispensable pour mieux  commenter les \u00e9v\u00e9nement avec dates et pr\u00e9cisions, ainsi que pour avoir  des flashs \u00e9clairants par les premiers contacts toute destin\u00e9e, qu\u2019elle  soit ou non appel\u00e9e \u00e2 \u00eatre chang\u00e9e peut-\u00eatre par l\u2019existence de  puissants support \u00e9sot\u00e9riques dont <strong>je d\u00e9tiens les secrets et que chaque demandeur soit ainsi assur\u00e9 de ma comp\u00e9tence t\u00e9l\u00e9pathique.<\/strong><\/p><p> Politiciens, industriels, patrons, sportifs de haut niveau, artistes  peintres, \u00e9crivains connus, personnalit\u00e9s du show-biz, ouvriers, femme  de m\u00e9nages, ch\u00f4meurs, \u00e9tudiants\u2026 se c\u00f4toient dans son bureau. Mais le  succ\u00e8s ne lui tourne pas la t\u00eate.<\/p><p> Depuis vingt-cinq ans, elle dispense un accueil toujours aussi chaleureux.  La franchise du propos, la justesse de ses pr\u00e9dictions et conseils  fid\u00e9lisent les consultants. Pas un qui ne se sente revigor\u00e9 au contact  de Marguerite. Ses paroles sont comme un baume sur le coeur de ceux qui  souffrent. Et ses travaux occulte ne d\u00e9\u00e7oive jamais. Elle ne compte plus les lettres de remerciement adress\u00e9es par ses clients et constat\u00e9es par huissier. <\/p><\/blockquote>\n\n\n\n<p><\/p>\n","protected":false},"excerpt":{"rendered":"<p>Comment Marguerite aurait-elle pu \u00e9chapper \u00e0 son destin ? Marguerite a un don, mais elle n\u2019en soup\u00e7onne pas encore toute l\u2019\u00e9tendue. Il ne deviendra manifeste qu\u2019\u00e0 l\u2019adolescence\u2026 A quatorze ans, la jeune fille est victime d\u2019un grave accident de voiture. Apr\u00e8s cette incroyable exp\u00e9rience, son don de voyance se d\u00e9vellope. Et quelques ann\u00e9es plus tard [&hellip;]<\/p>\n","protected":false},"author":1,"featured_media":0,"parent":0,"menu_order":0,"comment_status":"closed","ping_status":"closed","template":"","meta":[],"_links":{"self":[{"href":"https:\/\/voyance13.fr\/index.php\/wp-json\/wp\/v2\/pages\/2"}],"collection":[{"href":"https:\/\/voyance13.fr\/index.php\/wp-json\/wp\/v2\/pages"}],"about":[{"href":"https:\/\/voyance13.fr\/index.php\/wp-json\/wp\/v2\/types\/page"}],"author":[{"embeddable":true,"href":"https:\/\/voyance13.fr\/index.php\/wp-json\/wp\/v2\/users\/1"}],"replies":[{"embeddable":true,"href":"https:\/\/voyance13.fr\/index.php\/wp-json\/wp\/v2\/comments?post=2"}],"version-history":[{"count":4,"href":"https:\/\/voyance13.fr\/index.php\/wp-json\/wp\/v2\/pages\/2\/revisions"}],"predecessor-version":[{"id":14,"href":"https:\/\/voyance13.fr\/index.php\/wp-json\/wp\/v2\/pages\/2\/revisions\/14"}],"wp:attachment":[{"href":"https:\/\/voyance13.fr\/index.php\/wp-json\/wp\/v2\/media?parent=2"}],"curies":[{"name":"wp","href":"https:\/\/api.w.org\/{rel}","templated":true}]}}